{"id":118,"date":"2024-10-21T16:25:42","date_gmt":"2024-10-21T14:25:42","guid":{"rendered":"https:\/\/porttato.com\/?page_id=118"},"modified":"2025-10-24T16:58:08","modified_gmt":"2025-10-24T14:58:08","slug":"bartek-czubak","status":"publish","type":"page","link":"https:\/\/porttato.com\/pl\/board\/bartek-czubak\/","title":{"rendered":"Bartek Czubak &#8211; PL"},"content":{"rendered":"\n<div class=\"wp-block-group alignfull is-content-justification-space-between is-nowrap is-layout-flex wp-container-core-group-is-layout-7cc54337 wp-block-group-is-layout-flex\" style=\"padding-right:var(--wp--preset--spacing--60);padding-left:0\">\n<header class=\"wp-block-group alignfull is-content-justification-left is-nowrap is-layout-flex wp-container-core-group-is-layout-4a868bea wp-block-group-is-layout-flex wp-container-1 is-position-sticky\" style=\"margin-top:0px;padding-right:0;padding-bottom:var(--wp--preset--spacing--60);padding-left:0\">\n<figure class=\"wp-block-image size-full is-resized\"><a href=\"https:\/\/porttato.com\"><img decoding=\"async\" src=\"https:\/\/porttato.com\/wp-content\/uploads\/2024\/10\/backward.png\" alt=\"\" class=\"wp-image-419\" style=\"object-fit:cover;width:64px;height:64px\"\/><\/a><\/figure>\n\n\n<div class=\"wp-block-site-logo\"><a href=\"https:\/\/porttato.com\/\" class=\"custom-logo-link\" rel=\"home\"><img loading=\"lazy\" decoding=\"async\" width=\"96\" height=\"96\" src=\"https:\/\/porttato.com\/wp-content\/uploads\/2024\/09\/Porttato-Logo.png\" class=\"custom-logo\" alt=\"Porttato - Ziemniaczane porty\" srcset=\"https:\/\/porttato.com\/wp-content\/uploads\/2024\/09\/Porttato-Logo.png 1024w, https:\/\/porttato.com\/wp-content\/uploads\/2024\/09\/Porttato-Logo-300x300.png 300w, https:\/\/porttato.com\/wp-content\/uploads\/2024\/09\/Porttato-Logo-150x150.png 150w, https:\/\/porttato.com\/wp-content\/uploads\/2024\/09\/Porttato-Logo-768x768.png 768w\" sizes=\"auto, (max-width: 96px) 100vw, 96px\" \/><\/a><\/div>\n\n\n<div class=\"wp-block-group is-layout-constrained wp-container-core-group-is-layout-2d528c88 wp-block-group-is-layout-constrained\" style=\"padding-right:0;padding-left:var(--wp--preset--spacing--30)\">\n<figure class=\"wp-block-image size-large is-resized\"><a href=\"https:\/\/porttato.com\"><img loading=\"lazy\" decoding=\"async\" width=\"1024\" height=\"308\" src=\"https:\/\/porttato.com\/wp-content\/uploads\/2024\/09\/Text-1-1024x308.png\" alt=\"\" class=\"wp-image-22\" style=\"width:180px;height:auto\" srcset=\"https:\/\/porttato.com\/wp-content\/uploads\/2024\/09\/Text-1-1024x308.png 1024w, https:\/\/porttato.com\/wp-content\/uploads\/2024\/09\/Text-1-300x90.png 300w, https:\/\/porttato.com\/wp-content\/uploads\/2024\/09\/Text-1-768x231.png 768w, https:\/\/porttato.com\/wp-content\/uploads\/2024\/09\/Text-1.png 1101w\" sizes=\"auto, (max-width: 1024px) 100vw, 1024px\" \/><\/a><\/figure>\n\n\n\n<p class=\"has-text-align-center has-tiny-font-size\" style=\"margin-top:0;margin-right:0;margin-bottom:0;margin-left:0;padding-top:0;padding-right:0;padding-bottom:0;padding-left:0\"><a href=\"https:\/\/porttato.com\">Dowiedz si\u0119 wi\u0119cej!<\/a><\/p>\n<\/div>\n<\/header>\n\n\n\n<figure class=\"wp-block-image size-full is-resized\"><a href=\"https:\/\/porttato.com\/board\/bartek-czubak\"><img loading=\"lazy\" decoding=\"async\" width=\"512\" height=\"569\" src=\"https:\/\/porttato.com\/wp-content\/uploads\/2024\/10\/flag-us.png\" alt=\"\" class=\"wp-image-527\" style=\"aspect-ratio:1;object-fit:cover;width:64px;height:auto\" srcset=\"https:\/\/porttato.com\/wp-content\/uploads\/2024\/10\/flag-us.png 512w, https:\/\/porttato.com\/wp-content\/uploads\/2024\/10\/flag-us-270x300.png 270w\" sizes=\"auto, (max-width: 512px) 100vw, 512px\" \/><\/a><\/figure>\n<\/div>\n\n\n\n<main class=\"wp-block-group alignfull is-vertical is-content-justification-stretch is-layout-flex wp-container-core-group-is-layout-3c94286e wp-block-group-is-layout-flex\" style=\"margin-top:0\">\n<section class=\"wp-block-group is-horizontal is-content-justification-center is-layout-flex wp-container-core-group-is-layout-264a3f88 wp-block-group-is-layout-flex\" style=\"padding-bottom:0\">\n<div class=\"wp-block-group is-content-justification-center is-layout-constrained wp-block-group-is-layout-constrained\">\n<figure class=\"wp-block-image aligncenter size-full is-resized\"><img loading=\"lazy\" decoding=\"async\" width=\"1440\" height=\"2272\" src=\"https:\/\/porttato.com\/wp-content\/uploads\/2025\/10\/1000003404.jpg\" alt=\"\" class=\"wp-image-1135\" style=\"object-fit:contain;width:256px;height:256px\" srcset=\"https:\/\/porttato.com\/wp-content\/uploads\/2025\/10\/1000003404.jpg 1440w, https:\/\/porttato.com\/wp-content\/uploads\/2025\/10\/1000003404-190x300.jpg 190w, https:\/\/porttato.com\/wp-content\/uploads\/2025\/10\/1000003404-649x1024.jpg 649w, https:\/\/porttato.com\/wp-content\/uploads\/2025\/10\/1000003404-768x1212.jpg 768w, https:\/\/porttato.com\/wp-content\/uploads\/2025\/10\/1000003404-974x1536.jpg 974w, https:\/\/porttato.com\/wp-content\/uploads\/2025\/10\/1000003404-1298x2048.jpg 1298w\" sizes=\"auto, (max-width: 1440px) 100vw, 1440px\" \/><figcaption class=\"wp-element-caption\"><a href=\"https:\/\/www.linkedin.com\/in\/baalevan\/overlay\/about-this-profile\/\">Bart\u0142omiej (BaalEvan) Czubak<\/a><\/figcaption><\/figure>\n<\/div>\n\n\n\n<div class=\"wp-block-group is-layout-constrained wp-block-group-is-layout-constrained\">\n<p style=\"padding-right:var(--wp--preset--spacing--30);padding-left:var(--wp--preset--spacing--30)\"><strong>Lepiej b\u0142\u0105dzi\u0107 ni\u017c si\u0119 nudzi\u0107<\/strong>:<br>Developer Unity, DevOps hobbysta,<br>a kto wie co jeszcze czeka mnie po drodze.<\/p>\n\n\n\n<p style=\"padding-right:var(--wp--preset--spacing--30);padding-left:var(--wp--preset--spacing--30)\">Mo\u017cesz mnie zna\u0107 z KNTG Polygon, <br>The Knights of Unity, lub Ancient Forge, <br>gdzie sp\u0119dzi\u0142em ostatnie 9 lat mojej kariery w gamedevie. <br>Wraz z wieloletnimi przyjaci\u00f3\u0142mi z kt\u00f3rymi dowie\u017ali\u015bmy nie jeden projekt, rozpoczynamy nowy etap naszej podr\u00f3\u017cy, a Ty mo\u017cesz wzi\u0105\u0107 w niej udzia\u0142, je\u015bli tylko zechcesz. \ud83d\ude09<\/p>\n\n\n\n<div class=\"wp-block-group is-nowrap is-layout-flex wp-container-core-group-is-layout-2398fcaa wp-block-group-is-layout-flex\" style=\"margin-bottom:var(--wp--preset--spacing--50);padding-right:var(--wp--preset--spacing--30);padding-left:var(--wp--preset--spacing--30)\">\n<p>Przy okazji, spotkajmy si\u0119 na GIC!<\/p>\n\n\n\n<figure class=\"wp-block-image size-full is-resized\"><img loading=\"lazy\" decoding=\"async\" width=\"668\" height=\"671\" src=\"https:\/\/porttato.com\/wp-content\/uploads\/2025\/10\/1000003398.jpg\" alt=\"\" class=\"wp-image-1132\" style=\"width:64px\" srcset=\"https:\/\/porttato.com\/wp-content\/uploads\/2025\/10\/1000003398.jpg 668w, https:\/\/porttato.com\/wp-content\/uploads\/2025\/10\/1000003398-300x300.jpg 300w, https:\/\/porttato.com\/wp-content\/uploads\/2025\/10\/1000003398-150x150.jpg 150w\" sizes=\"auto, (max-width: 668px) 100vw, 668px\" \/><\/figure>\n<\/div>\n<\/div>\n<\/section>\n\n\n\n<section class=\"wp-block-group has-primary-background-color has-background is-content-justification-center is-layout-constrained wp-block-group-is-layout-constrained\">\n<p class=\"has-text-align-center\"><strong>Za\u0142o\u017cyciel \/ Chief Technical Officer<\/strong><\/p>\n<\/section>\n\n\n\n<footer class=\"wp-block-group has-background-color has-foreground-background-color has-text-color has-background has-link-color wp-elements-fad7c862ed4d61f06c3a75eaa16608b7 is-layout-constrained wp-block-group-is-layout-constrained\">\n<div class=\"wp-block-group is-vertical is-content-justification-center is-layout-flex wp-container-core-group-is-layout-b95bc627 wp-block-group-is-layout-flex\" style=\"padding-top:var(--wp--preset--spacing--30);padding-bottom:var(--wp--preset--spacing--60)\">\n<div class=\"wp-block-group is-nowrap is-layout-flex wp-container-core-group-is-layout-fc054d2d wp-block-group-is-layout-flex\">\n<figure class=\"wp-block-image size-full is-resized wp-duotone-fdf7d2-ffffff-2\"><img loading=\"lazy\" decoding=\"async\" width=\"512\" height=\"512\" src=\"https:\/\/porttato.com\/wp-content\/uploads\/2024\/10\/email.png\" alt=\"\" class=\"wp-image-545\" style=\"object-fit:cover;width:48px;height:48px\" srcset=\"https:\/\/porttato.com\/wp-content\/uploads\/2024\/10\/email.png 512w, https:\/\/porttato.com\/wp-content\/uploads\/2024\/10\/email-300x300.png 300w, https:\/\/porttato.com\/wp-content\/uploads\/2024\/10\/email-150x150.png 150w\" sizes=\"auto, (max-width: 512px) 100vw, 512px\" \/><\/figure>\n\n\n\n<p><a href=\"mailto:b.czubak@porttato.com\" data-type=\"link\" data-id=\"www.linkedin.com\/in\/baalevan\">b.czubak@porttato.com<\/a><\/p>\n<\/div>\n\n\n\n<div class=\"wp-block-group is-nowrap is-layout-flex wp-container-core-group-is-layout-6c531013 wp-block-group-is-layout-flex\">\n<figure class=\"wp-block-image size-full is-resized wp-duotone-fdf7d2-ffffff-3\"><img loading=\"lazy\" decoding=\"async\" width=\"512\" height=\"512\" src=\"https:\/\/porttato.com\/wp-content\/uploads\/2024\/10\/linkedin.png\" alt=\"\" class=\"wp-image-415\" style=\"object-fit:cover;width:48px;height:48px\" srcset=\"https:\/\/porttato.com\/wp-content\/uploads\/2024\/10\/linkedin.png 512w, https:\/\/porttato.com\/wp-content\/uploads\/2024\/10\/linkedin-300x300.png 300w, https:\/\/porttato.com\/wp-content\/uploads\/2024\/10\/linkedin-150x150.png 150w\" sizes=\"auto, (max-width: 512px) 100vw, 512px\" \/><\/figure>\n\n\n\n<p><a href=\"http:\/\/www.linkedin.com\/in\/baalevan\" data-type=\"link\" data-id=\"www.linkedin.com\/in\/baalevan\">LinkedIn<\/a><\/p>\n<\/div>\n\n\n\n<div class=\"wp-block-group is-nowrap is-layout-flex wp-container-core-group-is-layout-6c531013 wp-block-group-is-layout-flex\">\n<figure class=\"wp-block-image size-full is-resized wp-duotone-fdf7d2-ffffff-4\"><img loading=\"lazy\" decoding=\"async\" width=\"512\" height=\"512\" src=\"https:\/\/porttato.com\/wp-content\/uploads\/2024\/10\/twitter.png\" alt=\"\" class=\"wp-image-416\" style=\"object-fit:cover;width:48px;height:48px\" srcset=\"https:\/\/porttato.com\/wp-content\/uploads\/2024\/10\/twitter.png 512w, https:\/\/porttato.com\/wp-content\/uploads\/2024\/10\/twitter-300x300.png 300w, https:\/\/porttato.com\/wp-content\/uploads\/2024\/10\/twitter-150x150.png 150w\" sizes=\"auto, (max-width: 512px) 100vw, 512px\" \/><\/figure>\n\n\n\n<p><a href=\"https:\/\/x.com\/BaalEvan\" data-type=\"link\" data-id=\"www.linkedin.com\/in\/baalevan\">Twitter \/ X<\/a><\/p>\n<\/div>\n\n\n\n<div class=\"wp-block-group is-nowrap is-layout-flex wp-container-core-group-is-layout-6c531013 wp-block-group-is-layout-flex\">\n<figure class=\"wp-block-image size-large is-resized wp-duotone-fdf7d2-ffffff-5\"><img loading=\"lazy\" decoding=\"async\" width=\"1024\" height=\"1024\" src=\"https:\/\/porttato.com\/wp-content\/uploads\/2024\/10\/pngwing.com_-1024x1024.png\" alt=\"\" class=\"wp-image-417\" style=\"object-fit:cover;width:48px;height:48px\" srcset=\"https:\/\/porttato.com\/wp-content\/uploads\/2024\/10\/pngwing.com_-1024x1024.png 1024w, https:\/\/porttato.com\/wp-content\/uploads\/2024\/10\/pngwing.com_-300x300.png 300w, https:\/\/porttato.com\/wp-content\/uploads\/2024\/10\/pngwing.com_-150x150.png 150w, https:\/\/porttato.com\/wp-content\/uploads\/2024\/10\/pngwing.com_-768x768.png 768w, https:\/\/porttato.com\/wp-content\/uploads\/2024\/10\/pngwing.com_-1536x1536.png 1536w, https:\/\/porttato.com\/wp-content\/uploads\/2024\/10\/pngwing.com_-2048x2048.png 2048w\" sizes=\"auto, (max-width: 1024px) 100vw, 1024px\" \/><\/figure>\n\n\n\n<p><a href=\"https:\/\/mastodon.gamedev.place\/@baalevan\" data-type=\"link\" data-id=\"https:\/\/mastodon.gamedev.place\/@baalevan\">Mastodon<\/a><\/p>\n<\/div>\n\n\n\n<div class=\"wp-block-group is-nowrap is-layout-flex wp-container-core-group-is-layout-6c531013 wp-block-group-is-layout-flex\">\n<figure class=\"wp-block-image size-full is-resized wp-duotone-fdf7d2-ffffff-6\"><img loading=\"lazy\" decoding=\"async\" width=\"512\" height=\"512\" src=\"https:\/\/porttato.com\/wp-content\/uploads\/2024\/10\/communication-1.png\" alt=\"\" class=\"wp-image-418\" style=\"object-fit:cover;width:48px;height:48px\" srcset=\"https:\/\/porttato.com\/wp-content\/uploads\/2024\/10\/communication-1.png 512w, https:\/\/porttato.com\/wp-content\/uploads\/2024\/10\/communication-1-300x300.png 300w, https:\/\/porttato.com\/wp-content\/uploads\/2024\/10\/communication-1-150x150.png 150w\" sizes=\"auto, (max-width: 512px) 100vw, 512px\" \/><\/figure>\n\n\n\n<p><a href=\"http:\/\/discord.gg\/pMwnjWze\" data-type=\"link\" data-id=\"discord.gg\/pMwnjWze\">Discord<\/a><\/p>\n<\/div>\n\n\n\n<div class=\"wp-block-buttons is-layout-flex wp-block-buttons-is-layout-flex\">\n<div class=\"wp-block-button\"><a class=\"wp-block-button__link wp-element-button\" href=\"https:\/\/porttato.com\/team\/\">Poznaj reszte naszego zespo\u0142u!<\/a><\/div>\n<\/div>\n<\/div>\n<\/footer>\n<\/main>\n","protected":false},"excerpt":{"rendered":"<p>Dowiedz si\u0119 wi\u0119cej! Lepiej b\u0142\u0105dzi\u0107 ni\u017c si\u0119 nudzi\u0107:Developer Unity, DevOps hobbysta,a kto wie co jeszcze [&hellip;]<\/p>\n","protected":false},"author":1,"featured_media":0,"parent":116,"menu_order":0,"comment_status":"closed","ping_status":"closed","template":"blank","meta":{"_locale":"pl_PL","_original_post":"https:\/\/porttato.com\/?page_id=118","footnotes":""},"class_list":["post-118","page","type-page","status-publish","hentry","pl-PL"],"_links":{"self":[{"href":"https:\/\/porttato.com\/wp-json\/wp\/v2\/pages\/118","targetHints":{"allow":["GET"]}}],"collection":[{"href":"https:\/\/porttato.com\/wp-json\/wp\/v2\/pages"}],"about":[{"href":"https:\/\/porttato.com\/wp-json\/wp\/v2\/types\/page"}],"author":[{"embeddable":true,"href":"https:\/\/porttato.com\/wp-json\/wp\/v2\/users\/1"}],"replies":[{"embeddable":true,"href":"https:\/\/porttato.com\/wp-json\/wp\/v2\/comments?post=118"}],"version-history":[{"count":15,"href":"https:\/\/porttato.com\/wp-json\/wp\/v2\/pages\/118\/revisions"}],"predecessor-version":[{"id":1140,"href":"https:\/\/porttato.com\/wp-json\/wp\/v2\/pages\/118\/revisions\/1140"}],"up":[{"embeddable":true,"href":"https:\/\/porttato.com\/wp-json\/wp\/v2\/pages\/116"}],"wp:attachment":[{"href":"https:\/\/porttato.com\/wp-json\/wp\/v2\/media?parent=118"}],"curies":[{"name":"wp","href":"https:\/\/api.w.org\/{rel}","templated":true}]}}